{"id":4031,"date":"2023-04-13T11:32:07","date_gmt":"2023-04-13T14:32:07","guid":{"rendered":"https:\/\/www.creativeinstitute.com.br\/?post_type=product&#038;p=4031"},"modified":"2026-04-07T16:37:24","modified_gmt":"2026-04-07T19:37:24","slug":"the-inner-game-a-essencia-do-jogo-interior-w-timothy-gallwey","status":"publish","type":"product","link":"https:\/\/www.creativeinstitute.com.br\/en\/product\/the-inner-game-a-essencia-do-jogo-interior-w-timothy-gallwey\/","title":{"rendered":"THE INNER GAME: A ESS\u00caNCIA DO JOGO INTERIOR &#8211; W.Timothy Gallwey"},"content":{"rendered":"<p>O conceito do &#8216;The Inner Game&#8217; baseia-se no fato que todos n\u00f3s jogamos um jogo interior. Nossas vozes do cotidiano s\u00e3o influenciadas pelo nosso ambiente interno e por fatores externos e culturais.<\/p>\n<p>Empresas e relacionamentos s\u00e3o amplamente influenciadas pelos resultados pr\u00e1ticos deste jogo. Dois personagens principais fazem parte dessa arena de combate. Nosso Self 1 &#8211; julgador, cr\u00edtico e constru\u00eddo ao longo de nossa vida e Self 2 &#8211; nosso Eu verdadeiro, representando todos os nossos potenciais existentes, ou a serem desenvolvidos.<\/p>\n<p>Com casos e exemplos, &#8216;The Inner Game &#8211; A Ess\u00eancia do Jogo Interior&#8217; \u00e9 um livro na \u00e1rea de Coaching e Lideran\u00e7a Organizacional. Seu autor relata sua experi\u00eancia de mais de quarenta anos em diversos segmentos &#8211; desde o nascimento nas quadras de t\u00eanis at\u00e9 o alcance do mundo corporativo.<\/p>\n<p>De uma forma simples, por\u00e9m reflexiva, Timothy nos leva a uma viagem pelos aspectos decisivos na gest\u00e3o de pessoas, bem como defende uma nova abordagem de alcance de performance &#8211; sustentada por aprendizado e satisfa\u00e7\u00e3o no ambiente de trabalho. Sua filosofia de &#8216;Aprender a Aprender&#8217; mudou a forma de desenvolvimento de l\u00edderes e fez com que milhares de pessoas apliquem, o que conhecemos como Coaching, dentro das organiza\u00e7\u00f5es.<\/p>","protected":false},"excerpt":{"rendered":"<p>O conceito do &#8216;The Inner Game&#8217; baseia-se no fato que todos n\u00f3s jogamos um jogo interior. Nossas vozes do cotidiano s\u00e3o influenciadas pelo nosso ambiente interno e por fatores externos e culturais. Empresas e relacionamentos s\u00e3o amplamente influenciadas pelos resultados pr\u00e1ticos deste jogo. Dois personagens principais fazem parte dessa arena de combate. Nosso Self 1 [&hellip;]<\/p>","protected":false},"featured_media":4032,"comment_status":"open","ping_status":"closed","template":"","meta":{"om_disable_all_campaigns":false,"_monsterinsights_skip_tracking":false,"_monsterinsights_sitenote_active":false,"_monsterinsights_sitenote_note":"","_monsterinsights_sitenote_category":0},"product_brand":[],"product_cat":[64],"product_tag":[],"class_list":{"0":"post-4031","1":"product","2":"type-product","3":"status-publish","4":"has-post-thumbnail","6":"product_cat-livros","8":"first","9":"instock","10":"shipping-taxable","11":"purchasable","12":"product-type-simple"},"jetpack_sharing_enabled":true,"_links":{"self":[{"href":"https:\/\/www.creativeinstitute.com.br\/en\/wp-json\/wp\/v2\/product\/4031","targetHints":{"allow":["GET"]}}],"collection":[{"href":"https:\/\/www.creativeinstitute.com.br\/en\/wp-json\/wp\/v2\/product"}],"about":[{"href":"https:\/\/www.creativeinstitute.com.br\/en\/wp-json\/wp\/v2\/types\/product"}],"replies":[{"embeddable":true,"href":"https:\/\/www.creativeinstitute.com.br\/en\/wp-json\/wp\/v2\/comments?post=4031"}],"wp:featuredmedia":[{"embeddable":true,"href":"https:\/\/www.creativeinstitute.com.br\/en\/wp-json\/wp\/v2\/media\/4032"}],"wp:attachment":[{"href":"https:\/\/www.creativeinstitute.com.br\/en\/wp-json\/wp\/v2\/media?parent=4031"}],"wp:term":[{"taxonomy":"product_brand","embeddable":true,"href":"https:\/\/www.creativeinstitute.com.br\/en\/wp-json\/wp\/v2\/product_brand?post=4031"},{"taxonomy":"product_cat","embeddable":true,"href":"https:\/\/www.creativeinstitute.com.br\/en\/wp-json\/wp\/v2\/product_cat?post=4031"},{"taxonomy":"product_tag","embeddable":true,"href":"https:\/\/www.creativeinstitute.com.br\/en\/wp-json\/wp\/v2\/product_tag?post=4031"}],"curies":[{"name":"wp","href":"https:\/\/api.w.org\/{rel}","templated":true}]}}