{"id":4026,"date":"2023-04-13T11:12:42","date_gmt":"2023-04-13T14:12:42","guid":{"rendered":"https:\/\/www.creativeinstitute.com.br\/?post_type=product&#038;p=4026"},"modified":"2025-06-24T13:43:42","modified_gmt":"2025-06-24T16:43:42","slug":"de-coach-para-coachee-e-vice-versa-lisiane-szeckir","status":"publish","type":"product","link":"https:\/\/www.creativeinstitute.com.br\/en\/product\/de-coach-para-coachee-e-vice-versa-lisiane-szeckir\/","title":{"rendered":"De Coach Para Coachee E Vice-Versa &#8211; Lisiane Szeckir"},"content":{"rendered":"<p>Este livro re\u00fane diversos pensamentos originados em sess\u00f5es de atendimento de coaching individual e em grupos, respeitando a identidade e o momento em que foram percebidos. Foram quase seis anos anotando percep\u00e7\u00f5es p\u00f3s atendimento que, ora publicadas nas redes sociais, ora compartilhadas entre colegas, levaram a muitas reflex\u00f5es.<\/p>","protected":false},"excerpt":{"rendered":"<p>Este livro re\u00fane diversos pensamentos originados em sess\u00f5es de atendimento de coaching individual e em grupos, respeitando a identidade e o momento em que foram percebidos. Foram quase seis anos anotando percep\u00e7\u00f5es p\u00f3s atendimento que, ora publicadas nas redes sociais, ora compartilhadas entre colegas, levaram a muitas reflex\u00f5es.<\/p>","protected":false},"featured_media":4027,"comment_status":"open","ping_status":"closed","template":"","meta":{"om_disable_all_campaigns":false,"_monsterinsights_skip_tracking":false,"_monsterinsights_sitenote_active":false,"_monsterinsights_sitenote_note":"","_monsterinsights_sitenote_category":0},"product_brand":[],"product_cat":[64],"product_tag":[],"class_list":{"0":"post-4026","1":"product","2":"type-product","3":"status-publish","4":"has-post-thumbnail","6":"product_cat-livros","8":"first","9":"instock","10":"shipping-taxable","11":"purchasable","12":"product-type-simple"},"jetpack_sharing_enabled":true,"_links":{"self":[{"href":"https:\/\/www.creativeinstitute.com.br\/en\/wp-json\/wp\/v2\/product\/4026","targetHints":{"allow":["GET"]}}],"collection":[{"href":"https:\/\/www.creativeinstitute.com.br\/en\/wp-json\/wp\/v2\/product"}],"about":[{"href":"https:\/\/www.creativeinstitute.com.br\/en\/wp-json\/wp\/v2\/types\/product"}],"replies":[{"embeddable":true,"href":"https:\/\/www.creativeinstitute.com.br\/en\/wp-json\/wp\/v2\/comments?post=4026"}],"wp:featuredmedia":[{"embeddable":true,"href":"https:\/\/www.creativeinstitute.com.br\/en\/wp-json\/wp\/v2\/media\/4027"}],"wp:attachment":[{"href":"https:\/\/www.creativeinstitute.com.br\/en\/wp-json\/wp\/v2\/media?parent=4026"}],"wp:term":[{"taxonomy":"product_brand","embeddable":true,"href":"https:\/\/www.creativeinstitute.com.br\/en\/wp-json\/wp\/v2\/product_brand?post=4026"},{"taxonomy":"product_cat","embeddable":true,"href":"https:\/\/www.creativeinstitute.com.br\/en\/wp-json\/wp\/v2\/product_cat?post=4026"},{"taxonomy":"product_tag","embeddable":true,"href":"https:\/\/www.creativeinstitute.com.br\/en\/wp-json\/wp\/v2\/product_tag?post=4026"}],"curies":[{"name":"wp","href":"https:\/\/api.w.org\/{rel}","templated":true}]}}