{"id":4024,"date":"2023-04-13T11:11:02","date_gmt":"2023-04-13T14:11:02","guid":{"rendered":"https:\/\/www.creativeinstitute.com.br\/?post_type=product&#038;p=4024"},"modified":"2025-05-19T17:44:01","modified_gmt":"2025-05-19T20:44:01","slug":"coaching-uma-nova-visao-renato-ricci","status":"publish","type":"product","link":"https:\/\/www.creativeinstitute.com.br\/en\/product\/coaching-uma-nova-visao-renato-ricci\/","title":{"rendered":"COACHING: UMA NOVA VIS\u00c3O &#8211; Renato Ricci"},"content":{"rendered":"<p>Coaching: Uma Nova Vis\u00e3o &#8211; Como se transformar em um verdadeiro Coach Profissional \u00e9 um relato instigante sobre o tema.<\/p>\n<p>H\u00e1 alguns anos atr\u00e1s o Coaching ganhou for\u00e7a, teve um formato definido e apreciado por pessoas, profissionais e grandes empresas, mas ao longo dos anos, sua ess\u00eancia foi sendo distorcida por distintas raz\u00f5es.<\/p>\n<p>Ser\u00e1 que os modelos originais ainda servem neste mundo em movimento? Quais seriam as adapta\u00e7\u00f5es necess\u00e1rias? Quais ess\u00eancias perdidas deveriam ser resgatadas? Como se tornar um Coach diferenciado, com uma vis\u00e3o n\u00e3o mec\u00e2nica &#8211; muitas vezes aprendida em longos cursos de forma\u00e7\u00e3o &#8211; e com um olhar mais pragm\u00e1tico ao cliente?<\/p>\n<p>Aprofundar nosso pensamento nestes tipos de quest\u00e3o \u00e9 o tema central deste livro. Para isso convidamos o leitor a refletir sobre quais habilidades devem ser desenvolvidas, quais erros devemos evitar, como devemos valorizar nosso trabalho e cobrar por ele, como podemos acelerar este processo e o que devemos ou n\u00e3o fazer, s\u00e3o exemplos de alguns assuntos, tratados aqui. O leitor perceber\u00e1 que cada sugest\u00e3o ou ideia ser\u00e1 sempre colocada de modo que voc\u00ea seja convidado a refletir sobre ela.<\/p>\n<p>O livro quebra o paradigma de que estes profissionais devam seguir modelos preconcebidos e mecaniscistas para obterem sucesso.<\/p>\n<p>Ao contr\u00e1rio, o autor &#8211; Renato Ricci &#8211; cofundador da The Inner Game International School ao lado de Tim Gallwey (reconhecido como o pai do Coaching), defende que cada aluno aprenda, experiencie e depois modele o seu pr\u00f3prio m\u00e9todo de trabalho.<\/p>\n<p>Com uma linguagem direta e objetiva, Coaching: Uma Nova Vis\u00e3o \u00e9 uma leitura obrigat\u00f3ria para quem j\u00e1 \u00e9 Coach ou est\u00e1 a caminho de tornar-se um.<\/p>","protected":false},"excerpt":{"rendered":"<p>Coaching: Uma Nova Vis\u00e3o &#8211; Como se transformar em um verdadeiro Coach Profissional \u00e9 um relato instigante sobre o tema. H\u00e1 alguns anos atr\u00e1s o Coaching ganhou for\u00e7a, teve um formato definido e apreciado por pessoas, profissionais e grandes empresas, mas ao longo dos anos, sua ess\u00eancia foi sendo distorcida por distintas raz\u00f5es. Ser\u00e1 que [&hellip;]<\/p>","protected":false},"featured_media":4025,"comment_status":"open","ping_status":"closed","template":"","meta":{"om_disable_all_campaigns":false,"_monsterinsights_skip_tracking":false,"_monsterinsights_sitenote_active":false,"_monsterinsights_sitenote_note":"","_monsterinsights_sitenote_category":0},"product_brand":[],"product_cat":[64],"product_tag":[],"class_list":{"0":"post-4024","1":"product","2":"type-product","3":"status-publish","4":"has-post-thumbnail","6":"product_cat-livros","8":"first","9":"instock","10":"shipping-taxable","11":"purchasable","12":"product-type-simple"},"jetpack_sharing_enabled":true,"_links":{"self":[{"href":"https:\/\/www.creativeinstitute.com.br\/en\/wp-json\/wp\/v2\/product\/4024","targetHints":{"allow":["GET"]}}],"collection":[{"href":"https:\/\/www.creativeinstitute.com.br\/en\/wp-json\/wp\/v2\/product"}],"about":[{"href":"https:\/\/www.creativeinstitute.com.br\/en\/wp-json\/wp\/v2\/types\/product"}],"replies":[{"embeddable":true,"href":"https:\/\/www.creativeinstitute.com.br\/en\/wp-json\/wp\/v2\/comments?post=4024"}],"wp:featuredmedia":[{"embeddable":true,"href":"https:\/\/www.creativeinstitute.com.br\/en\/wp-json\/wp\/v2\/media\/4025"}],"wp:attachment":[{"href":"https:\/\/www.creativeinstitute.com.br\/en\/wp-json\/wp\/v2\/media?parent=4024"}],"wp:term":[{"taxonomy":"product_brand","embeddable":true,"href":"https:\/\/www.creativeinstitute.com.br\/en\/wp-json\/wp\/v2\/product_brand?post=4024"},{"taxonomy":"product_cat","embeddable":true,"href":"https:\/\/www.creativeinstitute.com.br\/en\/wp-json\/wp\/v2\/product_cat?post=4024"},{"taxonomy":"product_tag","embeddable":true,"href":"https:\/\/www.creativeinstitute.com.br\/en\/wp-json\/wp\/v2\/product_tag?post=4024"}],"curies":[{"name":"wp","href":"https:\/\/api.w.org\/{rel}","templated":true}]}}